{"id":2,"date":"2022-02-24T18:26:47","date_gmt":"2022-02-24T18:26:47","guid":{"rendered":"https:\/\/latampower.com\/web\/?page_id=2"},"modified":"2025-04-03T11:27:42","modified_gmt":"2025-04-03T14:27:42","slug":"organizacion","status":"publish","type":"page","link":"https:\/\/latampower.com\/en\/organizacion\/","title":{"rendered":"Organization"},"content":{"rendered":"<p>[et_pb_section fb_built=\u00bb1&#8243; _builder_version=\u00bb4.16&#8243; global_colors_info=\u00bb{}\u00bb][et_pb_row column_structure=\u00bb1_2,1_2&#8243; _builder_version=\u00bb4.16&#8243; background_size=\u00bbinitial\u00bb background_position=\u00bbtop_left\u00bb background_repeat=\u00bbrepeat\u00bb global_colors_info=\u00bb{}\u00bb][et_pb_column type=\u00bb1_2&#8243; _builder_version=\u00bb4.16&#8243; custom_padding=\u00bb|||\u00bb global_colors_info=\u00bb{}\u00bb custom_padding__hover=\u00bb|||\u00bb][et_pb_image src=\u00bbhttps:\/\/latampower.com\/wp-content\/uploads\/2023\/03\/A70X7634.png\u00bb title_text=\u00bbA70X7634&#8243; _builder_version=\u00bb4.27.2&#8243; _module_preset=\u00bbdefault\u00bb global_colors_info=\u00bb{}\u00bb][\/et_pb_image][\/et_pb_column][et_pb_column type=\u00bb1_2&#8243; _builder_version=\u00bb4.16&#8243; custom_padding=\u00bb|||\u00bb global_colors_info=\u00bb{}\u00bb custom_padding__hover=\u00bb|||\u00bb][et_pb_text _builder_version=\u00bb4.17.3&#8243; text_font=\u00bbLato||||||||\u00bb background_size=\u00bbinitial\u00bb background_position=\u00bbtop_left\u00bb background_repeat=\u00bbrepeat\u00bb global_colors_info=\u00bb{}\u00bb]<\/p>\n<h1 class=\"sppb-person-information\"><span class=\"sppb-person-name\">Esteban Moraga<\/span><\/h1>\n<h2>Chief Executive Officer<\/h2>\n<hr \/>\n<p>&nbsp;<\/p>\n<div class=\"text\">Commercial Engineer and Master in Finance from Universidad Adolfo Ib\u00e1\u00f1ez, with nearly 14 years of experience as CFO (Chief Financial Officer) in various industries such as Tobacco, industrial logistics, Construction, Ports and Energy. He assumed the general management of Latin America Power in March 2023 after having served as CFO of LAP since 2017, and after a solid track record as CFO in companies such as British American Tobacco Chile and Ultramar group companies (Full-Pak, ATCO Sabinco, Puerto Angamos &amp; TGN).<\/div>\n<p>[\/et_pb_text][\/et_pb_column][\/et_pb_row][\/et_pb_section][et_pb_section fb_built=\u00bb1&#8243; _builder_version=\u00bb4.16&#8243; _module_preset=\u00bbdefault\u00bb global_colors_info=\u00bb{}\u00bb][et_pb_row column_structure=\u00bb1_3,1_3,1_3&#8243; _builder_version=\u00bb4.27.4&#8243; _module_preset=\u00bbdefault\u00bb hover_enabled=\u00bb0&#8243; global_colors_info=\u00bb{}\u00bb sticky_enabled=\u00bb0&#8243;][et_pb_column type=\u00bb1_3&#8243; _builder_version=\u00bb4.16&#8243; _module_preset=\u00bbdefault\u00bb global_colors_info=\u00bb{}\u00bb][et_pb_image src=\u00bbhttps:\/\/latampower.com\/wp-content\/uploads\/2022\/03\/jose_salgado.jpg\u00bb title_text=\u00bbjose_salgado\u00bb _builder_version=\u00bb4.27.2&#8243; _module_preset=\u00bbdefault\u00bb hover_enabled=\u00bb0&#8243; global_colors_info=\u00bb{}\u00bb sticky_enabled=\u00bb0&#8243;][\/et_pb_image][et_pb_text _builder_version=\u00bb4.27.2&#8243; _module_preset=\u00bbdefault\u00bb text_line_height=\u00bb1.2em\u00bb header_4_text_color=\u00bbrgba(0,0,0,0.4)\u00bb header_4_font_size=\u00bb16px\u00bb global_colors_info=\u00bb{}\u00bb]<\/p>\n<h3 class=\"sppb-person-information\"><span class=\"sppb-person-name\">Jos\u00e9 Salgado <\/span><\/h3>\n<h4 class=\"sppb-person-information\"><span class=\"sppb-person-designation\">Gerente de HSSE<\/span><\/h4>\n<div class=\"sppb-person-introtext\">\n<div class=\"sppb-person-introtext\">\n<p>Occupational Health, Safety and Environmental Engineer with 18 years of relevant experience. He has more than 6 years\u2019 experience in the generation and energy projects sector. He became LAP's Safety, Sustainability and Environmental Manager in the second half of 2018, after working at MASISA S.A. and Duke Energy.<\/p>\n<\/div>\n<\/div>\n<p>[\/et_pb_text][\/et_pb_column][et_pb_column type=\u00bb1_3&#8243; _builder_version=\u00bb4.16&#8243; _module_preset=\u00bbdefault\u00bb global_colors_info=\u00bb{}\u00bb][et_pb_image src=\u00bbhttps:\/\/latampower.com\/wp-content\/uploads\/2025\/04\/GonzaloMilic.jpg\u00bb title_text=\u00bbGonzaloMilic\u00bb _builder_version=\u00bb4.27.4&#8243; _module_preset=\u00bbdefault\u00bb hover_enabled=\u00bb0&#8243; global_colors_info=\u00bb{}\u00bb sticky_enabled=\u00bb0&#8243;][\/et_pb_image][et_pb_text _builder_version=\u00bb4.27.4&#8243; _module_preset=\u00bbdefault\u00bb text_line_height=\u00bb1.2em\u00bb header_4_text_color=\u00bbrgba(0,0,0,0.4)\u00bb header_4_font_size=\u00bb16px\u00bb hover_enabled=\u00bb0&#8243; global_colors_info=\u00bb{}\u00bb sticky_enabled=\u00bb0&#8243;]<\/p>\n<h3 class=\"sppb-person-information\"><span class=\"sppb-person-name\">Gonzalo Milic<\/span><\/h3>\n<h4 class=\"sppb-person-information\"><span class=\"sppb-person-designation\">Gerente de Finanzas<\/span><\/h4>\n<div class=\"sppb-person-introtext\">\n<div class=\"sppb-person-introtext\">\n<p>Bachelor's in Business Administration with a Master's in Finance from the Pontifical Catholic University of Chile, with experience in Corporate Finance, successfully executing a variety of transactions, including M&amp;A, project and business valuation, structured financing, and key relationships with institutional investors. He assumed the position of CFO at Latin America Power in 2024 after serving as Deputy Manager of Corporate Finance at LAP. Before joining LAP, he was part of Uber's Strategy and Operations team and the Investment Banking team at BICE Inversiones, where he participated in various transactions in the renewable energy industry. Additionally, Gonzalo served as an Accounting professor in the Business Administration Faculty at the Pontifical Catholic University of Chile.<\/p>\n<\/div>\n<\/div>\n<p>[\/et_pb_text][\/et_pb_column][et_pb_column type=\u00bb1_3&#8243; _builder_version=\u00bb4.27.2&#8243; _module_preset=\u00bbdefault\u00bb global_colors_info=\u00bb{}\u00bb][et_pb_image src=\u00bbhttps:\/\/latampower.com\/wp-content\/uploads\/2022\/03\/francisca_perez.jpg\u00bb title_text=\u00bbfrancisca_perez\u00bb _builder_version=\u00bb4.27.2&#8243; _module_preset=\u00bbdefault\u00bb hover_enabled=\u00bb0&#8243; global_colors_info=\u00bb{}\u00bb sticky_enabled=\u00bb0&#8243;][\/et_pb_image][et_pb_text _builder_version=\u00bb4.27.0&#8243; _module_preset=\u00bbdefault\u00bb text_line_height=\u00bb1.2em\u00bb header_4_text_color=\u00bbrgba(0,0,0,0.4)\u00bb header_4_font_size=\u00bb16px\u00bb global_colors_info=\u00bb{}\u00bb]<\/p>\n<h3 class=\"sppb-person-information\"><span class=\"sppb-person-name\">Francisca P\u00e9rez<\/span><\/h3>\n<h4 class=\"sppb-person-information\"><span class=\"sppb-person-designation\"> General Counsel <\/span><\/h4>\n<div class=\"sppb-person-introtext\">\n<div class=\"sppb-person-introtext\">\n<p>Lawyer from Universidad Diego Portales with experience in corporate law, mergers, acquisitions and financing. Prior to LAP, she was a member of the team at Baraona Fischer y C\u00eda, a prestigious law firm in Chile that specializes in taxation and corporate issues, and was a corporate lawyer for Farmacias Ahumada S.A., a member of the Walgreens Boots Alliance.<\/p>\n<\/div>\n<\/div>\n<p>[\/et_pb_text][\/et_pb_column][\/et_pb_row][\/et_pb_section][et_pb_section fb_built=\u00bb1&#8243; _builder_version=\u00bb4.17.3&#8243; _module_preset=\u00bbdefault\u00bb background_color=\u00bb#d8f3ff\u00bb use_background_color_gradient=\u00bbon\u00bb background_color_gradient_stops=\u00bb#d8f3ff 0%|#d8f3ff 100%\u00bb custom_css_main_element=\u00bbbackground-color:#d8f3ff !important;\u00bb global_colors_info=\u00bb{}\u00bb][et_pb_row _builder_version=\u00bb4.17.3&#8243; _module_preset=\u00bbdefault\u00bb background_color=\u00bb#d8f3ff\u00bb global_colors_info=\u00bb{}\u00bb][et_pb_column type=\u00bb4_4&#8243; _builder_version=\u00bb4.16&#8243; _module_preset=\u00bbdefault\u00bb global_colors_info=\u00bb{}\u00bb][et_pb_image src=\u00bbhttps:\/\/latampower.com\/wp-content\/uploads\/2025\/02\/Ajuste-Organigrama-WEB-scaled.jpg\u00bb title_text=\u00bbAjuste Organigrama WEB\u00bb align=\u00bbcenter\u00bb _builder_version=\u00bb4.27.4&#8243; _module_preset=\u00bbdefault\u00bb animation_style=\u00bbslide\u00bb animation_duration=\u00bb650ms\u00bb global_colors_info=\u00bb{}\u00bb][\/et_pb_image][\/et_pb_column][\/et_pb_row][\/et_pb_section]<\/p>","protected":false},"excerpt":{"rendered":"<p>Esteban Moraga Gerente General &nbsp; Ingeniero Comercial y Mag\u00edster en Finanzas de la Universidad Adolfo Ib\u00e1\u00f1ez, con cerca de 14 a\u00f1os de experiencia como CFO (Chief Financial Officer) en diversas industrias tales como Tabaco, log\u00edstica industrial, Construcci\u00f3n, Puertos y Energ\u00eda. Asumi\u00f3 la gerencia general de Latin America Power en marzo de 2023 luego de haberse [&hellip;]<\/p>","protected":false},"author":13,"featured_media":905,"parent":0,"menu_order":0,"comment_status":"closed","ping_status":"open","template":"","meta":{"_acf_changed":false,"_et_pb_use_builder":"on","_et_pb_old_content":"<!-- wp:paragraph -->This is an example page. It's different from a blog post because it will stay in one place and will show up in your site navigation (in most themes). Most people start with an About page that introduces them to potential site visitors. It might say something like this:\r\n\r\n<!-- \/wp:paragraph --><!-- wp:quote -->\r\n<blockquote class=\"wp-block-quote\">Hi there! I'm a bike messenger by day, aspiring actor by night, and this is my website. I live in Los Angeles, have a great dog named Jack, and I like pi\u00f1a coladas. (And gettin' caught in the rain.)<\/blockquote>\r\n<!-- \/wp:quote --><!-- wp:paragraph -->...or something like this:\r\n\r\n<!-- \/wp:paragraph --><!-- wp:quote -->\r\n<blockquote class=\"wp-block-quote\">The XYZ Doohickey Company was founded in 1971, and has been providing quality doohickeys to the public ever since. Located in Gotham City, XYZ employs over 2,000 people and does all kinds of awesome things for the Gotham community.<\/blockquote>\r\n<!-- \/wp:quote --><!-- wp:paragraph -->As a new WordPress user, you should go to <a href=\"https:\/\/latampower.com\/web\/wp-admin\/\">your dashboard<\/a> to delete this page and create new pages for your content. Have fun!\r\n\r\n<!-- \/wp:paragraph -->","_et_gb_content_width":"","footnotes":""},"acf":[],"_links":{"self":[{"href":"https:\/\/latampower.com\/en\/wp-json\/wp\/v2\/pages\/2"}],"collection":[{"href":"https:\/\/latampower.com\/en\/wp-json\/wp\/v2\/pages"}],"about":[{"href":"https:\/\/latampower.com\/en\/wp-json\/wp\/v2\/types\/page"}],"author":[{"embeddable":true,"href":"https:\/\/latampower.com\/en\/wp-json\/wp\/v2\/users\/13"}],"replies":[{"embeddable":true,"href":"https:\/\/latampower.com\/en\/wp-json\/wp\/v2\/comments?post=2"}],"version-history":[{"count":70,"href":"https:\/\/latampower.com\/en\/wp-json\/wp\/v2\/pages\/2\/revisions"}],"predecessor-version":[{"id":3483,"href":"https:\/\/latampower.com\/en\/wp-json\/wp\/v2\/pages\/2\/revisions\/3483"}],"wp:featuredmedia":[{"embeddable":true,"href":"https:\/\/latampower.com\/en\/wp-json\/wp\/v2\/media\/905"}],"wp:attachment":[{"href":"https:\/\/latampower.com\/en\/wp-json\/wp\/v2\/media?parent=2"}],"curies":[{"name":"wp","href":"https:\/\/api.w.org\/{rel}","templated":true}]}}