{"id":2849,"date":"2024-03-10T18:24:57","date_gmt":"2024-03-10T18:24:57","guid":{"rendered":"https:\/\/latampower.com\/web\/?page_id=2849"},"modified":"2024-10-10T12:08:30","modified_gmt":"2024-10-10T15:08:30","slug":"lap","status":"publish","type":"page","link":"https:\/\/latampower.com\/en\/canales-de-denuncias\/lap\/","title":{"rendered":"LAP"},"content":{"rendered":"<p>[et_pb_section fb_built=\u00bb1&#8243; _builder_version=\u00bb4.16&#8243; global_colors_info=\u00bb{}\u00bb][et_pb_row _builder_version=\u00bb4.16&#8243; background_size=\u00bbinitial\u00bb background_position=\u00bbtop_left\u00bb background_repeat=\u00bbrepeat\u00bb global_colors_info=\u00bb{}\u00bb][et_pb_column type=\u00bb4_4&#8243; _builder_version=\u00bb4.16&#8243; custom_padding=\u00bb|||\u00bb global_colors_info=\u00bb{}\u00bb custom_padding__hover=\u00bb|||\u00bb][et_pb_text _builder_version=\u00bb4.17.3&#8243; _module_preset=\u00bbdefault\u00bb global_colors_info=\u00bb{}\u00bb]<\/p>\n<div class=\"cabecera\">\n<h1 class=\"txt-lapblue\"><b>Canal de Denuncia de LAP<\/b><\/h1>\n<hr \/>\n<p><p>En LAP estamos comprometidos a resguardar los m\u00e1s altos est\u00e1ndares y principios \u00e9ticos, de honestidad e integridad, en todas nuestras actividades y por todos nuestros colaboradores, garantizando de esta manera la reputaci\u00f3n de las operaciones.<\/p>\n<p>Con el objeto de garantizar este est\u00e1ndar, de acuerdo a la ley 20.393 sobre Responsabilidad Penal de las Personas Jur\u00eddica que busca la prevenci\u00f3n de la comisi\u00f3n de los delitos de lavado de activos, financiamiento al terrorismo y delitos de cohecho, LAP ha dispuesto un canal de comunicaci\u00f3n para denuncias de acciones que pudiesen transgredir nuestros criterios de conducta corporativos y\/o criterios de conducta en las relaciones con los distintos interlocutores.<\/p>\n<p>Desde ya le aseguramos que su denuncia, contar\u00e1 con la debida confidencialidad. Todos los compromisos y directrices se encuentran en el c\u00f3digo \u00e9tico de LAP y son conocidos por todos nuestros colaboradores, el que puede descargarse <a href=\"https:\/\/www.canaldenunciaslap.com\/imagenes\/C\u00f3digode\u00c9tica.pdf\">(details here)<\/a>.<\/p>\n<\/div>\n<p>[\/et_pb_text][et_pb_text _builder_version=\u00bb4.17.3&#8243; background_size=\u00bbinitial\u00bb background_position=\u00bbtop_left\u00bb background_repeat=\u00bbrepeat\u00bb global_colors_info=\u00bb{}\u00bb]<\/p>\n\t\t<form id=\"acf-form\" class=\"acf-form\" action=\"\" method=\"post\" data-trp-original-action=\"\">\n\t\t\t\t\t<div id=\"acf-form-data\" class=\"acf-hidden\">\n\t\t<input type=\"hidden\" id=\"_acf_screen\" name=\"_acf_screen\" value=\"acf_form\"\/><input type=\"hidden\" id=\"_acf_post_id\" name=\"_acf_post_id\" value=\"new_post\"\/><input type=\"hidden\" id=\"_acf_validation\" name=\"_acf_validation\" value=\"1\"\/><input type=\"hidden\" id=\"_acf_form\" name=\"_acf_form\" value=\"Z0lva213K2luN1JRdkJLSkZYUS9FNkhURXZlSmhGVGswTHArTFVSd3lKNTVyMlAxOWN3SFNRbXFHbFZseXhYYlVEaEJUV0dmcGhqc2I4azgzRVl5SXRoUHdpY0xjRmdubWdGdGFDbEdWYVc3TzNlNXppbHlOSkV4MHd0cEgrRGpQU28vU1ArMmhNS0JkdE1vQ0sxb2M0bzlCdlBVYW9CTjBWSWk2OXJ0ZUgrMGE5dG9IZ2hRZUhCWWtmRW1UV0pUVWlwMWtLS3JQQW0reEZTWHF1S1g3cEVLRVJFa2R0QXU1U0ErTnF5VENpckY3am14Y2hUMThOWGV3Rm90cE83MFlMbk5WYS9Xb1lnSnY3cllhRlpLdFkyWnlrN2FlK0lmZktQUGp5bXpHTzZ3T0xEN3F2OE5mL0lzSjFnaFpYSi9sMG55eVpFb2djUUN4MnV3dGkxOEVyMk84WklFQUUzcFh2ckxqWFppdTIyZ2lWRjVJUWsvYjBFZmdiNGg5YTFKejZ0REF5djI4UlYvRjgzV2UvRDdsYi9makhhTGhIVDR3WlBVR2pKcGRCTHRyV2toM0xncUswNzNpNFJ0ak5mT2s0SENwT1ByWDR6cjFyQ2MwbitwSWdqTDdkVVZvcDFCTVU2Z3c2bFNyMDQxbDF4KzNaVkJPVGY0V1pMdXlwNDdqdzR0M3pDL0ZzTGxJZENOQ1lDY205VFAzWk9kRGljcDJ0YS9UMUlkK0xNTi9Ca1p2U3JVNmN5LzVmY0p3VC9mdld2bWNlbFFTMnozdDlsbThYN3phZ0V4VG5lVnVIVDQyZ0NEdTA0UjZPczRua0l1Wk1OUHl6Q3VoYlJKdDFpanZKWEhCdzJXTklObmQzc3ozS3lUNnFmVDVxd0ZsTStueHp3cXI4OUJMbFhnTENCbUtYL3J6WkRMRXh3TllOWEpSeFlscGtHMWpHdEZ3OFlPdjNrSUNqQTk5VVpnS3NiMXdWOXh1Y1gyem10Wk9yVzRBVlREL0FOQXAxdW9BRTZBS1R5dEpwbmxKTHgrRzdidkpGWXZ5MzlQVllzcG5BcXJKMm5yWUVzd28zZVRJd3RZcFNqZVJYNnpDdFA4emNDN2pmVTJNdUxWWWtEUEY3YmFaRlNhdDVmVHZ3b091MzFqdUZLalVCcHVuTisxckw1dUl5VFVDYXJZcXBDQkhDME1QQVNsYXR6cmZFRXk0d0JUbjBzd29aK2VlaklveEgvR0RmVjQ0dDBRZFhkQVNoaTdweHR1bHRYcmJGN0daMmtxY2tEUlpiMHp2TFBZeXhmUnc3bXM4MWIvb0x3ZkxaMGsxNGN2OUlqUE1DeHUwclZGVWo0cEJQSVFqcGZSWmtRVUxjRnhweVg2eVRsMFV2bkdBazN1Y1pUeEljeE1SZjAwcTRMNHBZRCtqSlNVUVZlOXNJVjNGWTJIMFFvS1N2cndKb0tBK2pyY0hXR0NXY0dVZUw2OFoxbnpuYm43T2hQbUJHNE16QzdIN2R3bWR1cXEzSTlZUmw3WUU5VElRa0dRSXp3eGozbHIxTUlnSU5QdEN6MEdEZm1BeWR2cVpOVm5xZE1MUEg5NHpxYWlCNzZlaVFUUDcrOWRLSlpOblVjNzRCNEN4VG0wdFNGcHcyLzh5UWFPOEE9PTo6e1Dq\/MdYtdkdoUG5je4vzg==\"\/><input type=\"hidden\" id=\"_acf_nonce\" name=\"_acf_nonce\" value=\"8dd2411b14\"\/><input type=\"hidden\" id=\"_acf_changed\" name=\"_acf_changed\" value=\"0\"\/><input type=\"hidden\" id=\"_acf_location[post_id]\" name=\"_acf_location[post_id]\" value=\"2849\"\/>\t<\/div>\n\t\t\t\t<div class=\"acf-fields acf-form-fields -top\">\n\t\t\t\t\t\t\t\t<div class=\"acf-field acf-field-select acf-field-65ed1f35c6967\" data-name=\"empresa\" data-type=\"select\" data-key=\"field_65ed1f35c6967\">\n<div class=\"acf-label\">\n<label for=\"acf-field_65ed1f35c6967\">Empresa<\/label><\/div>\n<div class=\"acf-input\">\n<select id=\"acf-field_65ed1f35c6967\" class=\"\" name=\"acf[field_65ed1f35c6967]\" data-ui=\"0\" data-ajax=\"0\" data-multiple=\"0\" data-placeholder=\"Select\" data-allow_null=\"0\"><option value=\"lap\">LAP<\/option><option value=\"san_juan\">SAN JUAN<\/option><option value=\"caren\">CAREN<\/option><option value=\"valle_allipen\">VALLE ALLIPEN<\/option><option value=\"totoral\">TOTORAL<\/option><\/select><\/div>\n<\/div>\n<div class=\"acf-field acf-field-select acf-field-65ed2175c6968\" data-name=\"tipo\" data-type=\"select\" data-key=\"field_65ed2175c6968\">\n<div class=\"acf-label\">\n<label for=\"acf-field_65ed2175c6968\">Tipo de Formulario<\/label><p class=\"description\">Puede ser denuncia o consulta<\/p><\/div>\n<div class=\"acf-input\">\n<select id=\"acf-field_65ed2175c6968\" class=\"\" name=\"acf[field_65ed2175c6968]\" data-ui=\"0\" data-ajax=\"0\" data-multiple=\"0\" data-placeholder=\"Select\" data-allow_null=\"0\"><option value=\"denuncia\">Denuncia<\/option><option value=\"consulta\">Consulta<\/option><\/select><\/div>\n<\/div>\n<div class=\"acf-field acf-field-true-false acf-field-65ed21a3c6969\" data-name=\"enviar_como_anonimo\" data-type=\"true_false\" data-key=\"field_65ed21a3c6969\">\n<div class=\"acf-label\">\n<label for=\"acf-field_65ed21a3c6969\">Enviar como An\u00f3nimo<\/label><\/div>\n<div class=\"acf-input\">\n<div class=\"acf-true-false\">\n\t\t\t<input type=\"hidden\" name=\"acf[field_65ed21a3c6969]\" value=\"0\"\/>\t<label>\n\t\t<input type=\"checkbox\" id=\"acf-field_65ed21a3c6969\" name=\"acf[field_65ed21a3c6969]\" value=\"1\" class=\"acf-switch-input\" autocomplete=\"off\"\/>\n\t\t\t<div class=\"acf-switch\"><span class=\"acf-switch-on\">Yes<\/span><span class=\"acf-switch-off\">No<\/span><div class=\"acf-switch-slider\"><\/div><\/div>\t\t\t\t<\/label>\n<\/div>\n\t\t\t<\/div>\n<\/div>\n<div class=\"acf-field acf-field-group acf-field-65ed28ccbcdc1 acfe-field-group-layout-block\" data-name=\"datos_personales\" data-type=\"group\" data-key=\"field_65ed28ccbcdc1\" data-conditions=\"[[{&quot;field&quot;:&quot;field_65ed21a3c6969&quot;,&quot;operator&quot;:&quot;!=&quot;,&quot;value&quot;:&quot;1&quot;}]]\">\n<div class=\"acf-label\">\n<label for=\"acf-field_65ed28ccbcdc1\">Datos Personales<\/label><\/div>\n<div class=\"acf-input\">\n<div class=\"acf-fields -top -border\"><div class=\"acf-field acf-field-text acf-field-65ed21eec696a\" style=\"width:33%;\" data-name=\"nombre\" data-type=\"text\" data-key=\"field_65ed21eec696a\" data-width=\"33\">\n<div class=\"acf-label\">\n<label for=\"acf-field_65ed28ccbcdc1-field_65ed21eec696a\">Name<\/label><\/div>\n<div class=\"acf-input\">\n<div class=\"acf-input-wrap\"><input type=\"text\" id=\"acf-field_65ed28ccbcdc1-field_65ed21eec696a\" name=\"acf[field_65ed28ccbcdc1][field_65ed21eec696a]\"\/><\/div><\/div>\n<\/div>\n<div class=\"acf-field acf-field-email acf-field-65ed21fac696b\" style=\"width:33%;\" data-name=\"email\" data-type=\"email\" data-key=\"field_65ed21fac696b\" data-width=\"33\">\n<div class=\"acf-label\">\n<label for=\"acf-field_65ed28ccbcdc1-field_65ed21fac696b\">Email<\/label><\/div>\n<div class=\"acf-input\">\n<div class=\"acf-input-wrap\"><input type=\"email\" id=\"acf-field_65ed28ccbcdc1-field_65ed21fac696b\" name=\"acf[field_65ed28ccbcdc1][field_65ed21fac696b]\"\/><\/div><\/div>\n<\/div>\n<div class=\"acf-field acf-field-text acf-field-65ed2206c696c\" style=\"width:33%;\" data-name=\"telefono\" data-type=\"text\" data-key=\"field_65ed2206c696c\" data-width=\"33\">\n<div class=\"acf-label\">\n<label for=\"acf-field_65ed28ccbcdc1-field_65ed2206c696c\">Telephone<\/label><\/div>\n<div class=\"acf-input\">\n<div class=\"acf-input-wrap\"><input type=\"text\" id=\"acf-field_65ed28ccbcdc1-field_65ed2206c696c\" name=\"acf[field_65ed28ccbcdc1][field_65ed2206c696c]\"\/><\/div><\/div>\n<\/div>\n<\/div><\/div>\n<\/div>\n<div class=\"acf-field acf-field-group acf-field-65ed224277d9c acfe-field-group-layout-block\" data-name=\"consulta\" data-type=\"group\" data-key=\"field_65ed224277d9c\" data-conditions=\"[[{&quot;field&quot;:&quot;field_65ed2175c6968&quot;,&quot;operator&quot;:&quot;==&quot;,&quot;value&quot;:&quot;consulta&quot;}]]\">\n<div class=\"acf-label\">\n<label for=\"acf-field_65ed224277d9c\">Consulta<\/label><\/div>\n<div class=\"acf-input\">\n<div class=\"acf-fields -top -border\"><div class=\"acf-field acf-field-textarea acf-field-65ed225277d9d\" data-name=\"ingrese_su_consulta\" data-type=\"textarea\" data-key=\"field_65ed225277d9d\">\n<div class=\"acf-label\">\n<label for=\"acf-field_65ed224277d9c-field_65ed225277d9d\">Ingrese su consulta<\/label><\/div>\n<div class=\"acf-input\">\n<textarea id=\"acf-field_65ed224277d9c-field_65ed225277d9d\" name=\"acf[field_65ed224277d9c][field_65ed225277d9d]\" rows=\"8\"><\/textarea><\/div>\n<\/div>\n<\/div><\/div>\n<\/div>\n<div class=\"acf-field acf-field-acfe-recaptcha acf-field-660caf8610975 acf-hidden\" data-name=\"verifica_que_no_eres_un_robot\" data-type=\"acfe_recaptcha\" data-key=\"field_660caf8610975\">\n<div class=\"acf-label\">\n<label for=\"acf-field_660caf8610975\">Verifica que no eres un robot<\/label><\/div>\n<div class=\"acf-input\">\n        <div class=\"acf-input-wrap\" data-site-key=\"6Le0HKspAAAAAHa5flM5ewnauekEvDh-wzWeaUzS\" data-version=\"v3\">\r\n        \r\n                        <input type=\"hidden\" id=\"acf-field_660caf8610975\" name=\"acf[field_660caf8610975]\"\/>\r\n        <\/div>\r\n        <\/div>\n<\/div>\n<div class=\"acf-field acf-field-group acf-field-65ed226977d9e acfe-field-group-layout-block\" data-name=\"denuncia\" data-type=\"group\" data-key=\"field_65ed226977d9e\" data-conditions=\"[[{&quot;field&quot;:&quot;field_65ed2175c6968&quot;,&quot;operator&quot;:&quot;==&quot;,&quot;value&quot;:&quot;denuncia&quot;}]]\">\n<div class=\"acf-label\">\n<label for=\"acf-field_65ed226977d9e\">Denuncia<\/label><\/div>\n<div class=\"acf-input\">\n<div class=\"acf-fields -top -border\"><div class=\"acf-field acf-field-radio acf-field-65ed228477da0\" data-name=\"tipo_de_denuncia\" data-type=\"radio\" data-key=\"field_65ed228477da0\">\n<div class=\"acf-label\">\n<label for=\"acf-field_65ed226977d9e-field_65ed228477da0\">Tipo de Denuncia<\/label><\/div>\n<div class=\"acf-input\">\n<input type=\"hidden\" name=\"acf[field_65ed226977d9e][field_65ed228477da0]\"\/><ul class=\"acf-radio-list acf-bl\" data-allow_null=\"0\" data-other_choice=\"0\"><li><label class=\"selected\"><input type=\"radio\" id=\"acf-field_65ed226977d9e-field_65ed228477da0-dano-ambiental\" name=\"acf[field_65ed226977d9e][field_65ed228477da0]\" value=\"Da\u00f1o Ambiental\" checked=\"checked\"\/>Da\u00f1o Ambiental|Denuncia a posible infracci\u00f3n o da\u00f1o de car\u00e1cter ambiental que su responsabilidad sea atribuible a la operaci\u00f3n del proyecto<\/label><\/li><li><label><input type=\"radio\" id=\"acf-field_65ed226977d9e-field_65ed228477da0-dano-patrimonial\" name=\"acf[field_65ed226977d9e][field_65ed228477da0]\" value=\"Da\u00f1o Patrimonial\"\/>Da\u00f1o Patrimonial|Da\u00f1o al patrimonio de la empresa o de los recursos dispuestos para la comunidad<\/label><\/li><li><label><input type=\"radio\" id=\"acf-field_65ed226977d9e-field_65ed228477da0-acoso-o-maltrato\" name=\"acf[field_65ed226977d9e][field_65ed228477da0]\" value=\"Acoso o Maltrato\"\/>Acoso o Maltrato|Toda conducta que constituya agresi\u00f3n u hostigamiento reiterados, ejercida por el empleador o por uno o m\u00e1s trabajadores, en contra de otro u otros trabajadores, por cualquier medio, y que tenga como resultado para el o los afectados su menoscabo, maltrato o humillaci\u00f3n, o bien que amenace o perjudique su situaci\u00f3n laboral o sus oportunidades en el empleo. El acoso puede ser laboral y\/o sexual.<\/label><\/li><li><label><input type=\"radio\" id=\"acf-field_65ed226977d9e-field_65ed228477da0-discriminacion\" name=\"acf[field_65ed226977d9e][field_65ed228477da0]\" value=\"Discriminaci\u00f3n\"\/>Discriminaci\u00f3n|Exclusi\u00f3n o preferencia injustificada de trato basado en la raza, sexo, religi\u00f3n, sindicaci\u00f3n, opini\u00f3n pol\u00edtica y que tenga por efecto alterar o anular la igualdad de trato.<\/label><\/li><li><label><input type=\"radio\" id=\"acf-field_65ed226977d9e-field_65ed228477da0-robo-o-hurto\" name=\"acf[field_65ed226977d9e][field_65ed228477da0]\" value=\"Robo o hurto\"\/>Robo o hurto|Sustracci\u00f3n y\/o venta de productos de la empresa sin su autorizaci\u00f3n.<\/label><\/li><li><label><input type=\"radio\" id=\"acf-field_65ed226977d9e-field_65ed228477da0-receptacion\" name=\"acf[field_65ed226977d9e][field_65ed228477da0]\" value=\"Receptaci\u00f3n\"\/>Receptaci\u00f3n|Poseer, mantener, transportar, comprar, vender, transformar o comercializar especies u objetos que provengan de hurto, robo, receptaci\u00f3n, apropiaci\u00f3n indebida y\/o hurto de animales.<\/label><\/li><li><label><input type=\"radio\" id=\"acf-field_65ed226977d9e-field_65ed228477da0-financiamiento-del-terrorismo\" name=\"acf[field_65ed226977d9e][field_65ed228477da0]\" value=\"Financiamiento del terrorismo\"\/>Financiamiento del terrorismo|Solicitar, recaudar o proveer fondos para que se utilicen en la comisi\u00f3n de cualquier delito terrorista, que corresponden a las actividades que buscan producir un temor justificado en la poblaci\u00f3n por la naturaleza de los medios empleados, por ser un plan premeditado o para obtener resoluciones de autoridades o imponerles exigencias.<\/label><\/li><li><label><input type=\"radio\" id=\"acf-field_65ed226977d9e-field_65ed228477da0-lavado-de-activos\" name=\"acf[field_65ed226977d9e][field_65ed228477da0]\" value=\"Lavado de activos\"\/>Lavado de activos|Ocultar o disimular el origen il\u00edcito de determinados bienes a sabiendas que provienen, directa o indirectamente, de la perpetraci\u00f3n de hechos constitutivos de delitos (tr\u00e1fico de drogas, tr\u00e1fico de armas, terrorismo, prostituci\u00f3n infantil, etc.).<\/label><\/li><li><label><input type=\"radio\" id=\"acf-field_65ed226977d9e-field_65ed228477da0-cohecho\" name=\"acf[field_65ed226977d9e][field_65ed228477da0]\" value=\"Cohecho\"\/>Cohecho|Dar, ofrecer, prometer dar o consentir en dar a un funcionario p\u00fablico nacional o extranjero un beneficio econ\u00f3mico o de cualquier otra naturaleza en provecho de \u00e9ste o un tercero, para (i) ejecutar un acto propio de su cargo o bien como recompensa por haberlo ejecutado; (ii) para omitir o por haber omitido un acto debido propio de su cargo; (iii) para ejecutar o por haber ejecutado un acto con infracci\u00f3n a los deberes de su cargo; (iv) para ejercer influencia sobre otro empleado p\u00fablico; o (v) para cometer delitos.<\/label><\/li><li><label><input type=\"radio\" id=\"acf-field_65ed226977d9e-field_65ed228477da0-negociacion-incompatible\" name=\"acf[field_65ed226977d9e][field_65ed228477da0]\" value=\"Negociaci\u00f3n Incompatible\"\/>Negociaci\u00f3n Incompatible|Interesarse en los bienes, patrimonio, operaciones, negocios, contratos o gestiones que involucran a la sociedad, al patrimonio cuya tasaci\u00f3n le corresponda, a los bienes cuya salvaguarda o promoci\u00f3n le corresponda, al patrimonio cuya adjudicaci\u00f3n, partici\u00f3n o administraci\u00f3n estuviere a su cargo. Este delito dice principalmente relaci\u00f3n con los empleados p\u00fablicos, \u00e1rbitro o liquidador comercial, veedor o liquidador, perito, guardador o albacea, director o gerente de una sociedad an\u00f3nima.<\/label><\/li><li><label><input type=\"radio\" id=\"acf-field_65ed226977d9e-field_65ed228477da0-corrupcion-entre-particulares\" name=\"acf[field_65ed226977d9e][field_65ed228477da0]\" value=\"Corrupci\u00f3n entre particulares\"\/>Corrupci\u00f3n entre particulares|Solicitar, aceptar, ofrecer, dar o consentir en dar un beneficio econ\u00f3mico o de cualquier otra naturaleza a un empleado o mandatario para favorecer o por haber favorecido la contrataci\u00f3n con un oferente por sobre otro.<\/label><\/li><li><label><input type=\"radio\" id=\"acf-field_65ed226977d9e-field_65ed228477da0-apropiacion-indebida\" name=\"acf[field_65ed226977d9e][field_65ed228477da0]\" value=\"Apropiaci\u00f3n indebida\"\/>Apropiaci\u00f3n indebida|Apropiarse o distraer dinero, efectos o cualquier otra cosa mueble que hubiere recibido en dep\u00f3sito, comiso, administraci\u00f3n o por otro t\u00edtulo que produzca obligaci\u00f3n de entregarla o devolverla.<\/label><\/li><li><label><input type=\"radio\" id=\"acf-field_65ed226977d9e-field_65ed228477da0-administracion-desleal\" name=\"acf[field_65ed226977d9e][field_65ed228477da0]\" value=\"Administraci\u00f3n desleal\"\/>Administraci\u00f3n desleal|Teniendo a su cargo la salvaguardia o la gesti\u00f3n del patrimonio de otra persona, le irrogue un perjuicio, sea ejerciendo abusivamente facultades para disponer por cuenta de ella u obligarla, sea ejecutando u omitiendo cualquier otra acci\u00f3n de modo manifiestamente contrario al inter\u00e9s del titular del patrimonio afectado.<\/label><\/li><li><label><input type=\"radio\" id=\"acf-field_65ed226977d9e-field_65ed228477da0-mal-uso-de-recursos-de-la-empresa\" name=\"acf[field_65ed226977d9e][field_65ed228477da0]\" value=\"Mal uso de recursos de la empresa\"\/>Mal uso de recursos de la empresa|Uso indebido de los bienes de la empresa, para fines distintos de aquellos a los que han sido destinados.<\/label><\/li><li><label><input type=\"radio\" id=\"acf-field_65ed226977d9e-field_65ed228477da0-corrupcion\" name=\"acf[field_65ed226977d9e][field_65ed228477da0]\" value=\"Corrupci\u00f3n\"\/>Corrupci\u00f3n|Conductas de cohecho, soborno o fraude con funcionarios p\u00fablicos o autoridades de gobierno.<\/label><\/li><li><label><input type=\"radio\" id=\"acf-field_65ed226977d9e-field_65ed228477da0-mal-uso-de-informacion-confidencial\" name=\"acf[field_65ed226977d9e][field_65ed228477da0]\" value=\"Mal uso de informaci\u00f3n confidencial\"\/>Mal uso de informaci\u00f3n confidencial|Divulgar o utilizar indebidamente informaci\u00f3n confidencial, privilegiada, privada o comercial de la empresa.<\/label><\/li><li><label><input type=\"radio\" id=\"acf-field_65ed226977d9e-field_65ed228477da0-otros\" name=\"acf[field_65ed226977d9e][field_65ed228477da0]\" value=\"Otros\"\/>Otros|Otro tipo de denuncia.<\/label><\/li><\/ul><\/div>\n<\/div>\n<div class=\"acf-field acf-field-textarea acf-field-65ed28693207c\" data-name=\"describa_su_denuncia\" data-type=\"textarea\" data-key=\"field_65ed28693207c\">\n<div class=\"acf-label\">\n<label for=\"acf-field_65ed226977d9e-field_65ed28693207c\">Describa su Denuncia<\/label><\/div>\n<div class=\"acf-input\">\n<textarea id=\"acf-field_65ed226977d9e-field_65ed28693207c\" name=\"acf[field_65ed226977d9e][field_65ed28693207c]\" rows=\"8\"><\/textarea><\/div>\n<\/div>\n<div class=\"acf-field acf-field-text acf-field-65ed287b3207d\" data-name=\"persona_implicada\" data-type=\"text\" data-key=\"field_65ed287b3207d\">\n<div class=\"acf-label\">\n<label for=\"acf-field_65ed226977d9e-field_65ed287b3207d\">Indique si hay alguna persona implicada en esta denuncia.<\/label><\/div>\n<div class=\"acf-input\">\n<div class=\"acf-input-wrap\"><input type=\"text\" id=\"acf-field_65ed226977d9e-field_65ed287b3207d\" name=\"acf[field_65ed226977d9e][field_65ed287b3207d]\"\/><\/div><\/div>\n<\/div>\n<div class=\"acf-field acf-field-textarea acf-field-65ed287d3207e\" data-name=\"lugar_de_los_hechos\" data-type=\"textarea\" data-key=\"field_65ed287d3207e\">\n<div class=\"acf-label\">\n<label for=\"acf-field_65ed226977d9e-field_65ed287d3207e\">Indique en que lugar y cuando ocurri\u00f3 los hechos descritos.<\/label><\/div>\n<div class=\"acf-input\">\n<textarea id=\"acf-field_65ed226977d9e-field_65ed287d3207e\" name=\"acf[field_65ed226977d9e][field_65ed287d3207e]\" rows=\"8\"><\/textarea><\/div>\n<\/div>\n<\/div><\/div>\n<\/div>\n<div class=\"acf-field acf-field-text acf-field--validate-email\" style=\"display:none !important;\" data-name=\"_validate_email\" data-type=\"text\" data-key=\"_validate_email\">\n<div class=\"acf-label\">\n<label for=\"acf-_validate_email\">Validate Email<\/label><\/div>\n<div class=\"acf-input\">\n<div class=\"acf-input-wrap\"><input type=\"text\" id=\"acf-_validate_email\" name=\"acf[_validate_email]\"\/><\/div><\/div>\n<\/div>\n\t\t\t\t<input name=\"crear_denuncia\" value=\"1\" type=\"hidden\" \/>\t\t\t<\/div>\n\t\t\t\t\t\t<div class=\"acf-form-submit\">\n\t\t\t\t<input type=\"submit\" class=\"acf-button button button-primary button-large\" value=\"Enviar Formulario\" \/>\t\t\t\t<span class=\"acf-spinner\"><\/span>\t\t\t<\/div>\n\t\t<input type=\"hidden\" name=\"trp-form-language\" value=\"en\"\/><\/form>\n\t\t    <script>\n        jQuery(document).ready(function() {\n            jQuery(\"#acf-field_65ed1f35c6967\").val(\"lap\");\n        });\n    <\/script>\n    <style>\n    .acf-field-65ed1f35c6967 {\n        height: 0;\n        width: 0;\n        overflow:hidden;\n        padding: 0 !important;\n    }\n    <\/style>\n    \n<p>[\/et_pb_text][\/et_pb_column][\/et_pb_row][\/et_pb_section]<\/p>","protected":false},"excerpt":{"rendered":"<p>Canal de Denuncia de LAP En LAP estamos comprometidos a resguardar los m\u00e1s altos est\u00e1ndares y principios \u00e9ticos, de honestidad e integridad, en todas nuestras actividades y por todos nuestros colaboradores, garantizando de esta manera la reputaci\u00f3n de las operaciones. Con el objeto de garantizar este est\u00e1ndar, de acuerdo a la ley 20.393 sobre Responsabilidad [&hellip;]<\/p>","protected":false},"author":13,"featured_media":2901,"parent":1027,"menu_order":0,"comment_status":"closed","ping_status":"closed","template":"","meta":{"_acf_changed":false,"_et_pb_use_builder":"on","_et_pb_old_content":"[imprimir_formulario empresa=\"lap\"]","_et_gb_content_width":"","footnotes":""},"acf":[],"_links":{"self":[{"href":"https:\/\/latampower.com\/en\/wp-json\/wp\/v2\/pages\/2849"}],"collection":[{"href":"https:\/\/latampower.com\/en\/wp-json\/wp\/v2\/pages"}],"about":[{"href":"https:\/\/latampower.com\/en\/wp-json\/wp\/v2\/types\/page"}],"author":[{"embeddable":true,"href":"https:\/\/latampower.com\/en\/wp-json\/wp\/v2\/users\/13"}],"replies":[{"embeddable":true,"href":"https:\/\/latampower.com\/en\/wp-json\/wp\/v2\/comments?post=2849"}],"version-history":[{"count":7,"href":"https:\/\/latampower.com\/en\/wp-json\/wp\/v2\/pages\/2849\/revisions"}],"predecessor-version":[{"id":2922,"href":"https:\/\/latampower.com\/en\/wp-json\/wp\/v2\/pages\/2849\/revisions\/2922"}],"up":[{"embeddable":true,"href":"https:\/\/latampower.com\/en\/wp-json\/wp\/v2\/pages\/1027"}],"wp:featuredmedia":[{"embeddable":true,"href":"https:\/\/latampower.com\/en\/wp-json\/wp\/v2\/media\/2901"}],"wp:attachment":[{"href":"https:\/\/latampower.com\/en\/wp-json\/wp\/v2\/media?parent=2849"}],"curies":[{"name":"wp","href":"https:\/\/api.w.org\/{rel}","templated":true}]}}