{"id":818,"date":"2022-03-22T01:42:43","date_gmt":"2022-03-22T01:42:43","guid":{"rendered":"https:\/\/latampower.com\/web\/?page_id=818"},"modified":"2024-10-03T12:36:10","modified_gmt":"2024-10-03T15:36:10","slug":"historia","status":"publish","type":"page","link":"https:\/\/latampower.com\/en\/historia\/","title":{"rendered":"History"},"content":{"rendered":"<p>[et_pb_section fb_built=\u00bb1&#8243; _builder_version=\u00bb4.16&#8243; locked=\u00bboff\u00bb global_colors_info=\u00bb{}\u00bb][et_pb_row column_structure=\u00bb1_2,1_2&#8243; _builder_version=\u00bb4.16&#8243; background_size=\u00bbinitial\u00bb background_position=\u00bbtop_left\u00bb background_repeat=\u00bbrepeat\u00bb global_colors_info=\u00bb{}\u00bb][et_pb_column type=\u00bb1_2&#8243; _builder_version=\u00bb4.16&#8243; custom_padding=\u00bb|||\u00bb global_colors_info=\u00bb{}\u00bb custom_padding__hover=\u00bb|||\u00bb][et_pb_text _builder_version=\u00bb4.27.2&#8243; text_font=\u00bbLato||||||||\u00bb background_size=\u00bbinitial\u00bb background_position=\u00bbtop_left\u00bb background_repeat=\u00bbrepeat\u00bb global_colors_info=\u00bb{}\u00bb]<\/p>\n<h1>Latin America Power<\/h1>\n<div id=\"sppb-addon-wrapper-1553676269167\" class=\"sppb-addon-wrapper\">\n<div id=\"sppb-addon-1553676269167\" class=\"sppb-wow fadeInDown clearfix  sppb-animated\" data-sppb-wow-duration=\"800ms\" data-sppb-wow-delay=\"400ms\">\n<div class=\"sppb-addon sppb-addon-text-block\">\n<div class=\"sppb-addon-content\">\n<p align=\"justify\">Over the past decade, Latin America Power has established itself as a key player in the energy sector in Chile and Peru.<\/p>\n<p align=\"justify\">Since 2011, we have developed projects based on various renewable sources, including hydro and wind power, while consistently fostering close ties with local communities and prioritizing environmental stewardship.<\/p>\n<p align=\"justify\">We are backed by our partners in Brazil\u2014BTG Pactual, Patria Investments, and GMR Energia\u2014who originally created the company ERSA\/CPFL Renov\u00e1veis in 2006.<\/p>\n<p align=\"justify\">Throughout our history, we have witnessed the growth of flagship projects and the communities around them. Our first investment in Chile was the construction of the Carilafqu\u00e9n-Malalcahuello run-of-the-river hydroelectric plant in Cunco, located in the Araucan\u00eda Region. We also developed one of the largest operational wind farms in Chile: San Juan de Cha\u00f1aral de Aceituno, in the Atacama Region.<\/p>\n<p align=\"justify\">In Peru, we operated six hydroelectric plants in remote areas under contracts with the national government. These assets were sold in 2023 to Ardian, one of Europe\u2019s leading investment funds. Alongside this, we worked closely with surrounding rural communities, supporting local economies and infrastructure through dedicated investment funds.<\/p>\n<p align=\"justify\">In October 2024, the San Juan and Totoral wind farms were sold to Colb\u00fan, highlighting the high-quality development achieved across technical, environmental, and community dimensions over the past 15 years.<\/p>\n<p align=\"justify\">Today, we continue to operate two renewable energy projects in Chile, contributing more than 29 MW of clean energy to the national grid\u2014an example of operational excellence at every level.<\/p>\n<\/div>\n<\/div>\n<\/div>\n<\/div>\n<p>[\/et_pb_text][\/et_pb_column][et_pb_column type=\u00bb1_2&#8243; _builder_version=\u00bb4.16&#8243; custom_padding=\u00bb|||\u00bb global_colors_info=\u00bb{}\u00bb custom_padding__hover=\u00bb|||\u00bb][et_pb_image src=\u00bbhttps:\/\/latampower.com\/wp-content\/uploads\/2024\/10\/MG_9965-scaled.jpg\u00bb title_text=\u00bb_MG_9965&#8243; align=\u00bbright\u00bb module_class=\u00bbimg-body\u00bb _builder_version=\u00bb4.27.2&#8243; _module_preset=\u00bbdefault\u00bb global_colors_info=\u00bb{}\u00bb][\/et_pb_image][\/et_pb_column][\/et_pb_row][\/et_pb_section][et_pb_section fb_built=\u00bb1&#8243; _builder_version=\u00bb4.17.3&#8243; _module_preset=\u00bbdefault\u00bb background_image=\u00bbhttps:\/\/latampower.com\/wp-content\/uploads\/2022\/03\/sust-home.jpg\u00bb parallax=\u00bbon\u00bb global_colors_info=\u00bb{}\u00bb][et_pb_row _builder_version=\u00bb4.16&#8243; _module_preset=\u00bbdefault\u00bb global_colors_info=\u00bb{}\u00bb][et_pb_column type=\u00bb4_4&#8243; _builder_version=\u00bb4.16&#8243; _module_preset=\u00bbdefault\u00bb global_colors_info=\u00bb{}\u00bb][dnxte_timeline _builder_version=\u00bb4.27.2&#8243; _module_preset=\u00bbdefault\u00bb global_colors_info=\u00bb{}\u00bb][dnxte_timeline_child timeline_content=\u00bb<\/p>\n<div class=\"%22sppb-col-xs-12\" sppb-col-sm-6 timeline-item%22>\n<div class=\"%22timeline-panel\" left-part%22>\n<p class=\"%22title%22\">Acquisition of the Carilafqu\u00e9n-Malalcahuello water rights in the Araucan\u00eda Region.<\/p>\n<\/div>\n<\/div>\n<p>\u00bb timeline_use_image=\u00bboff\u00bb timeline_use_icon=\u00bboff\u00bb timeline_date=\u00bb2011&#8243; timeline_bg_color=\u00bbRGBA(255,255,255,0)\u00bb icon_bg_color=\u00bb#FFFFFF\u00bb _builder_version=\u00bb4.16&#8243; _module_preset=\u00bbdefault\u00bb header_text_color=\u00bb#FFFFFF\u00bb content_text_align=\u00bbleft\u00bb content_text_color=\u00bb#FFFFFF\u00bb identifier_font=\u00bb||||||||\u00bb identifier_text_color=\u00bb#FFFFFF\u00bb identifier_font_size=\u00bb22px\u00bb identifier_line_height=\u00bb0em\u00bb border_radii_timeline=\u00bbon|8px|8px|8px|8px\u00bb border_width_all_timeline=\u00bb2px\u00bb border_color_all_timeline=\u00bb#FFFFFF\u00bb global_colors_info=\u00bb{}\u00bb][\/dnxte_timeline_child][dnxte_timeline_child timeline_content=\u00bb<\/p>\n<div class=\"%22sppb-col-xs-12\" sppb-col-sm-6 timeline-item%22>\n<div class=\"%22timeline-panel\" left-part%22>\n<div class=\"%22sppb-col-xs-12\" sppb-col-sm-6 timeline-item%22>\n<div class=\"%22timeline-panel%22\">\n<p class=\"%22title%22\">Acquisition of the Santa Cruz 1 and 2 projects in operation, the Huasahuasi 1 and 2 projects under construction and a majority interest in the Runatullo 2 and 3 projects.<\/p>\n<\/div>\n<\/div>\n<\/div>\n<\/div>\n<p>\u00bb timeline_use_image=\u00bboff\u00bb timeline_use_icon=\u00bboff\u00bb timeline_date=\u00bb2011&#8243; timeline_bg_color=\u00bbRGBA(255,255,255,0)\u00bb icon_bg_color=\u00bb#FFFFFF\u00bb _builder_version=\u00bb4.16&#8243; _module_preset=\u00bbdefault\u00bb header_text_color=\u00bb#FFFFFF\u00bb content_text_align=\u00bbleft\u00bb content_text_color=\u00bb#FFFFFF\u00bb identifier_font=\u00bb||||||||\u00bb identifier_text_color=\u00bb#FFFFFF\u00bb identifier_font_size=\u00bb22px\u00bb identifier_line_height=\u00bb0em\u00bb border_radii_timeline=\u00bbon|8px|8px|8px|8px\u00bb border_width_all_timeline=\u00bb2px\u00bb border_color_all_timeline=\u00bb#FFFFFF\u00bb global_colors_info=\u00bb{}\u00bb][\/dnxte_timeline_child][dnxte_timeline_child timeline_content=\u00bb<\/p>\n<div class=\"%22sppb-col-xs-12\" sppb-col-sm-6 timeline-item%22>\n<div class=\"%22timeline-panel\" left-part%22>\n<div class=\"%22sppb-col-xs-12\" sppb-col-sm-6 timeline-item%22>\n<div class=\"%22timeline-panel%22\">\n<div class=\"%22sppb-col-xs-12\" sppb-col-sm-6 timeline-item%22>\n<div class=\"%22timeline-panel\" left-part%22>\n<p class=\"%22title%22\">Acquisition of a majority interest in the Tulumayo 4 and 5, Limacpunco, Capiri and Ttio projects under development in Peru.<\/p>\n<\/div>\n<\/div>\n<\/div>\n<\/div>\n<\/div>\n<\/div>\n<p>\u00bb timeline_use_image=\u00bboff\u00bb timeline_use_icon=\u00bboff\u00bb timeline_date=\u00bb2012&#8243; timeline_bg_color=\u00bbRGBA(255,255,255,0)\u00bb icon_bg_color=\u00bb#FFFFFF\u00bb _builder_version=\u00bb4.16&#8243; _module_preset=\u00bbdefault\u00bb header_text_color=\u00bb#FFFFFF\u00bb content_text_align=\u00bbleft\u00bb content_text_color=\u00bb#FFFFFF\u00bb identifier_font=\u00bb||||||||\u00bb identifier_text_color=\u00bb#FFFFFF\u00bb identifier_font_size=\u00bb22px\u00bb identifier_line_height=\u00bb0em\u00bb border_radii_timeline=\u00bbon|8px|8px|8px|8px\u00bb border_width_all_timeline=\u00bb2px\u00bb border_color_all_timeline=\u00bb#FFFFFF\u00bb global_colors_info=\u00bb{}\u00bb][\/dnxte_timeline_child][dnxte_timeline_child timeline_content=\u00bb<\/p>\n<div class=\"%22sppb-col-xs-12\" sppb-col-sm-6 timeline-item%22>\n<div class=\"%22timeline-panel\" left-part%22>\n<div class=\"%22sppb-col-xs-12\" sppb-col-sm-6 timeline-item%22>\n<div class=\"%22timeline-panel%22\">\n<div class=\"%22sppb-col-xs-12\" sppb-col-sm-6 timeline-item%22>\n<div class=\"%22timeline-panel\" left-part%22>\n<div class=\"%22sppb-col-xs-12\" sppb-col-sm-6 timeline-item%22>\n<div class=\"%22timeline-panel%22\">\n<p class=\"%22title%22\">LAP adds the Totoral Wind Farm in Chile to its operating portfolio.<\/p>\n<\/div>\n<\/div>\n<\/div>\n<\/div>\n<\/div>\n<\/div>\n<\/div>\n<\/div>\n<p>\u00bb timeline_use_image=\u00bboff\u00bb timeline_use_icon=\u00bboff\u00bb timeline_date=\u00bb2013&#8243; timeline_bg_color=\u00bbRGBA(255,255,255,0)\u00bb icon_bg_color=\u00bb#FFFFFF\u00bb _builder_version=\u00bb4.16&#8243; _module_preset=\u00bbdefault\u00bb header_text_color=\u00bb#FFFFFF\u00bb content_text_align=\u00bbleft\u00bb content_text_color=\u00bb#FFFFFF\u00bb identifier_font=\u00bb||||||||\u00bb identifier_text_color=\u00bb#FFFFFF\u00bb identifier_font_size=\u00bb22px\u00bb identifier_line_height=\u00bb0em\u00bb border_radii_timeline=\u00bbon|8px|8px|8px|8px\u00bb border_width_all_timeline=\u00bb2px\u00bb border_color_all_timeline=\u00bb#FFFFFF\u00bb global_colors_info=\u00bb{}\u00bb][\/dnxte_timeline_child][dnxte_timeline_child timeline_content=\u00bb<\/p>\n<div class=\"%22sppb-col-xs-12\" sppb-col-sm-6 timeline-item%22>\n<div class=\"%22timeline-panel\" left-part%22>\n<div class=\"%22sppb-col-xs-12\" sppb-col-sm-6 timeline-item%22>\n<div class=\"%22timeline-panel%22\">\n<div class=\"%22sppb-col-xs-12\" sppb-col-sm-6 timeline-item%22>\n<div class=\"%22timeline-panel\" left-part%22>\n<div class=\"%22sppb-col-xs-12\" sppb-col-sm-6 timeline-item%22>\n<div class=\"%22timeline-panel%22\">\n<div class=\"%22sppb-col-xs-12\" sppb-col-sm-6 timeline-item%22>\n<div class=\"%22timeline-panel\" left-part%22>\n<p class=\"%22title%22\">Construction begins on the San Juan Wind Farm on the coast of the Atacama Region, Chile.<\/p>\n<\/div>\n<\/div>\n<\/div>\n<\/div>\n<\/div>\n<\/div>\n<\/div>\n<\/div>\n<\/div>\n<\/div>\n<p>\u00bb timeline_use_image=\u00bboff\u00bb timeline_use_icon=\u00bboff\u00bb timeline_date=\u00bb2015&#8243; timeline_bg_color=\u00bbRGBA(255,255,255,0)\u00bb icon_bg_color=\u00bb#FFFFFF\u00bb _builder_version=\u00bb4.16&#8243; _module_preset=\u00bbdefault\u00bb header_text_color=\u00bb#FFFFFF\u00bb content_text_align=\u00bbleft\u00bb content_text_color=\u00bb#FFFFFF\u00bb identifier_font=\u00bb||||||||\u00bb identifier_text_color=\u00bb#FFFFFF\u00bb identifier_font_size=\u00bb22px\u00bb identifier_line_height=\u00bb0em\u00bb border_radii_timeline=\u00bbon|8px|8px|8px|8px\u00bb border_width_all_timeline=\u00bb2px\u00bb border_color_all_timeline=\u00bb#FFFFFF\u00bb global_colors_info=\u00bb{}\u00bb][\/dnxte_timeline_child][dnxte_timeline_child timeline_content=\u00bb<\/p>\n<div class=\"%22sppb-col-xs-12\" sppb-col-sm-6 timeline-item%22>\n<div class=\"%22timeline-panel\" left-part%22>\n<div class=\"%22sppb-col-xs-12\" sppb-col-sm-6 timeline-item%22>\n<div class=\"%22timeline-panel%22\">\n<div class=\"%22sppb-col-xs-12\" sppb-col-sm-6 timeline-item%22>\n<div class=\"%22timeline-panel\" left-part%22>\n<div class=\"%22sppb-col-xs-12\" sppb-col-sm-6 timeline-item%22>\n<div class=\"%22timeline-panel%22\">\n<div class=\"%22sppb-col-xs-12\" sppb-col-sm-6 timeline-item%22>\n<div class=\"%22timeline-panel\" left-part%22>\n<div class=\"%22sppb-col-xs-12\" sppb-col-sm-6 timeline-item%22>\n<div class=\"%22timeline-panel%22\">\n<p class=\"%22title%22\">Development begins on the Pirita project in the Coquimbo Region, which is LAP's first Solar Greenfield.<\/p>\n<\/div>\n<\/div>\n<\/div>\n<\/div>\n<\/div>\n<\/div>\n<\/div>\n<\/div>\n<\/div>\n<\/div>\n<\/div>\n<\/div>\n<p>\u00bb timeline_use_image=\u00bboff\u00bb timeline_use_icon=\u00bboff\u00bb timeline_date=\u00bb2015&#8243; timeline_bg_color=\u00bbRGBA(255,255,255,0)\u00bb icon_bg_color=\u00bb#FFFFFF\u00bb _builder_version=\u00bb4.16&#8243; _module_preset=\u00bbdefault\u00bb header_text_color=\u00bb#FFFFFF\u00bb content_text_align=\u00bbleft\u00bb content_text_color=\u00bb#FFFFFF\u00bb identifier_font=\u00bb||||||||\u00bb identifier_text_color=\u00bb#FFFFFF\u00bb identifier_font_size=\u00bb22px\u00bb identifier_line_height=\u00bb0em\u00bb border_radii_timeline=\u00bbon|8px|8px|8px|8px\u00bb border_width_all_timeline=\u00bb2px\u00bb border_color_all_timeline=\u00bb#FFFFFF\u00bb global_colors_info=\u00bb{}\u00bb][\/dnxte_timeline_child][dnxte_timeline_child timeline_content=\u00bb<\/p>\n<div class=\"%22sppb-col-xs-12\" sppb-col-sm-6 timeline-item%22>\n<div class=\"%22timeline-panel\" left-part%22>\n<div class=\"%22sppb-col-xs-12\" sppb-col-sm-6 timeline-item%22>\n<div class=\"%22timeline-panel%22\">\n<div class=\"%22sppb-col-xs-12\" sppb-col-sm-6 timeline-item%22>\n<div class=\"%22timeline-panel\" left-part%22>\n<div class=\"%22sppb-col-xs-12\" sppb-col-sm-6 timeline-item%22>\n<div class=\"%22timeline-panel%22\">\n<div class=\"%22sppb-col-xs-12\" sppb-col-sm-6 timeline-item%22>\n<div class=\"%22timeline-panel\" left-part%22>\n<div class=\"%22sppb-col-xs-12\" sppb-col-sm-6 timeline-item%22>\n<div class=\"%22timeline-panel%22\">\n<div class=\"%22sppb-col-xs-12\" sppb-col-sm-6 timeline-item%22>\n<div class=\"%22timeline-panel\" left-part%22>\n<p class=\"%22title%22\">Operations begin at the Carilafqu\u00e9n - Malalcahuello hydroelectric power plants in the Araucan\u00eda Region, which supplies 29 MW to Chile's electricity grid.<\/p>\n<\/div>\n<\/div>\n<\/div>\n<\/div>\n<\/div>\n<\/div>\n<\/div>\n<\/div>\n<\/div>\n<\/div>\n<\/div>\n<\/div>\n<\/div>\n<\/div>\n<p>\u00bb timeline_use_image=\u00bboff\u00bb timeline_use_icon=\u00bboff\u00bb timeline_date=\u00bb2016&#8243; timeline_bg_color=\u00bbRGBA(255,255,255,0)\u00bb icon_bg_color=\u00bb#FFFFFF\u00bb _builder_version=\u00bb4.16&#8243; _module_preset=\u00bbdefault\u00bb header_text_color=\u00bb#FFFFFF\u00bb content_text_align=\u00bbleft\u00bb content_text_color=\u00bb#FFFFFF\u00bb identifier_font=\u00bb||||||||\u00bb identifier_text_color=\u00bb#FFFFFF\u00bb identifier_font_size=\u00bb22px\u00bb identifier_line_height=\u00bb0em\u00bb border_radii_timeline=\u00bbon|8px|8px|8px|8px\u00bb border_width_all_timeline=\u00bb2px\u00bb border_color_all_timeline=\u00bb#FFFFFF\u00bb global_colors_info=\u00bb{}\u00bb][\/dnxte_timeline_child][dnxte_timeline_child timeline_content=\u00bb<\/p>\n<div class=\"%22sppb-col-xs-12\" sppb-col-sm-6 timeline-item%22>\n<div class=\"%22timeline-panel\" left-part%22>\n<div class=\"%22sppb-col-xs-12\" sppb-col-sm-6 timeline-item%22>\n<div class=\"%22timeline-panel%22\">\n<div class=\"%22sppb-col-xs-12\" sppb-col-sm-6 timeline-item%22>\n<div class=\"%22timeline-panel\" left-part%22>\n<div class=\"%22sppb-col-xs-12\" sppb-col-sm-6 timeline-item%22>\n<div class=\"%22timeline-panel%22\">\n<div class=\"%22sppb-col-xs-12\" sppb-col-sm-6 timeline-item%22>\n<div class=\"%22timeline-panel\" left-part%22>\n<div class=\"%22sppb-col-xs-12\" sppb-col-sm-6 timeline-item%22>\n<div class=\"%22timeline-panel%22\">\n<div class=\"%22sppb-col-xs-12\" sppb-col-sm-6 timeline-item%22>\n<div class=\"%22timeline-panel\" left-part%22>\n<div class=\"%22sppb-col-xs-12\" sppb-col-sm-6 timeline-item%22>\n<div class=\"%22timeline-panel%22\">\n<p class=\"%22title%22\">Operations begin at the San Juan Wind Farm, making it the largest wind farm of its kind in Chile.<\/p>\n<\/div>\n<\/div>\n<\/div>\n<\/div>\n<\/div>\n<\/div>\n<\/div>\n<\/div>\n<\/div>\n<\/div>\n<\/div>\n<\/div>\n<\/div>\n<\/div>\n<\/div>\n<\/div>\n<p>\u00bb timeline_use_image=\u00bboff\u00bb timeline_use_icon=\u00bboff\u00bb timeline_date=\u00bb2017&#8243; timeline_bg_color=\u00bbRGBA(255,255,255,0)\u00bb icon_bg_color=\u00bb#FFFFFF\u00bb _builder_version=\u00bb4.16&#8243; _module_preset=\u00bbdefault\u00bb header_text_color=\u00bb#FFFFFF\u00bb content_text_align=\u00bbleft\u00bb content_text_color=\u00bb#FFFFFF\u00bb identifier_font=\u00bb||||||||\u00bb identifier_text_color=\u00bb#FFFFFF\u00bb identifier_font_size=\u00bb22px\u00bb identifier_line_height=\u00bb0em\u00bb border_radii_timeline=\u00bbon|8px|8px|8px|8px\u00bb border_width_all_timeline=\u00bb2px\u00bb border_color_all_timeline=\u00bb#FFFFFF\u00bb global_colors_info=\u00bb{}\u00bb][\/dnxte_timeline_child][dnxte_timeline_child timeline_content=\u00bb<\/p>\n<div class=\"%22sppb-col-xs-12\" sppb-col-sm-6 timeline-item%22>\n<div class=\"%22timeline-panel\" left-part%22>\n<div class=\"%22sppb-col-xs-12\" sppb-col-sm-6 timeline-item%22>\n<div class=\"%22timeline-panel%22\">\n<div class=\"%22sppb-col-xs-12\" sppb-col-sm-6 timeline-item%22>\n<div class=\"%22timeline-panel\" left-part%22>\n<div class=\"%22sppb-col-xs-12\" sppb-col-sm-6 timeline-item%22>\n<div class=\"%22timeline-panel%22\">\n<div class=\"%22sppb-col-xs-12\" sppb-col-sm-6 timeline-item%22>\n<div class=\"%22timeline-panel\" left-part%22>\n<div class=\"%22sppb-col-xs-12\" sppb-col-sm-6 timeline-item%22>\n<div class=\"%22timeline-panel%22\">\n<div class=\"%22sppb-col-xs-12\" sppb-col-sm-6 timeline-item%22>\n<div class=\"%22timeline-panel\" left-part%22>\n<div class=\"%22sppb-col-xs-12\" sppb-col-sm-6 timeline-item%22>\n<div class=\"%22timeline-panel%22\">\n<p class=\"%22title%22\">Latin America Power vende sus activos de transmisi\u00f3n de 110 y 220 kV en la regi\u00f3n de la Araucan\u00eda a Atlantica Yield.<\/p>\n<\/div>\n<\/div>\n<\/div>\n<\/div>\n<\/div>\n<\/div>\n<\/div>\n<\/div>\n<\/div>\n<\/div>\n<\/div>\n<\/div>\n<\/div>\n<\/div>\n<\/div>\n<\/div>\n<p>\u00bb timeline_use_image=\u00bboff\u00bb timeline_use_icon=\u00bboff\u00bb timeline_date=\u00bb2022&#8243; timeline_bg_color=\u00bbRGBA(255,255,255,0)\u00bb icon_bg_color=\u00bb#FFFFFF\u00bb _builder_version=\u00bb4.27.2&#8243; _module_preset=\u00bbdefault\u00bb header_text_color=\u00bb#FFFFFF\u00bb content_text_align=\u00bbleft\u00bb content_text_color=\u00bb#FFFFFF\u00bb identifier_font=\u00bb||||||||\u00bb identifier_text_color=\u00bb#FFFFFF\u00bb identifier_font_size=\u00bb22px\u00bb identifier_line_height=\u00bb0em\u00bb border_radii_timeline=\u00bbon|8px|8px|8px|8px\u00bb border_width_all_timeline=\u00bb2px\u00bb border_color_all_timeline=\u00bb#FFFFFF\u00bb global_colors_info=\u00bb{}\u00bb][\/dnxte_timeline_child][dnxte_timeline_child timeline_content=\u00bb<\/p>\n<div class=\"%22sppb-col-xs-12\" sppb-col-sm-6 timeline-item%22>\n<div class=\"%22timeline-panel\" left-part%22>\n<div class=\"%22sppb-col-xs-12\" sppb-col-sm-6 timeline-item%22>\n<div class=\"%22timeline-panel%22\">\n<div class=\"%22sppb-col-xs-12\" sppb-col-sm-6 timeline-item%22>\n<div class=\"%22timeline-panel\" left-part%22>\n<div class=\"%22sppb-col-xs-12\" sppb-col-sm-6 timeline-item%22>\n<div class=\"%22timeline-panel%22\">\n<div class=\"%22sppb-col-xs-12\" sppb-col-sm-6 timeline-item%22>\n<div class=\"%22timeline-panel\" left-part%22>\n<div class=\"%22sppb-col-xs-12\" sppb-col-sm-6 timeline-item%22>\n<div class=\"%22timeline-panel%22\">\n<div class=\"%22sppb-col-xs-12\" sppb-col-sm-6 timeline-item%22>\n<div class=\"%22timeline-panel\" left-part%22>\n<div class=\"%22sppb-col-xs-12\" sppb-col-sm-6 timeline-item%22>\n<div class=\"%22timeline-panel%22\">\n<p class=\"%22title%22\">Latin America Power vende sus activos en Per\u00fa a Ardian, uno de los fondos de inversi\u00f3n m\u00e1s importantes de Europa.<\/p>\n<\/div>\n<\/div>\n<\/div>\n<\/div>\n<\/div>\n<\/div>\n<\/div>\n<\/div>\n<\/div>\n<\/div>\n<\/div>\n<\/div>\n<\/div>\n<\/div>\n<\/div>\n<\/div>\n<p>\u00bb timeline_use_image=\u00bboff\u00bb timeline_use_icon=\u00bboff\u00bb timeline_date=\u00bb2023&#8243; timeline_bg_color=\u00bbRGBA(255,255,255,0)\u00bb icon_bg_color=\u00bb#FFFFFF\u00bb _builder_version=\u00bb4.27.2&#8243; _module_preset=\u00bbdefault\u00bb header_text_color=\u00bb#FFFFFF\u00bb content_text_align=\u00bbleft\u00bb content_text_color=\u00bb#FFFFFF\u00bb identifier_font=\u00bb||||||||\u00bb identifier_text_color=\u00bb#FFFFFF\u00bb identifier_font_size=\u00bb22px\u00bb identifier_line_height=\u00bb0em\u00bb border_radii_timeline=\u00bbon|8px|8px|8px|8px\u00bb border_width_all_timeline=\u00bb2px\u00bb border_color_all_timeline=\u00bb#FFFFFF\u00bb global_colors_info=\u00bb{}\u00bb][\/dnxte_timeline_child][dnxte_timeline_child timeline_content=\u00bb<\/p>\n<div class=\"%22sppb-col-xs-12\" sppb-col-sm-6 timeline-item%22>\n<div class=\"%22timeline-panel\" left-part%22>\n<div class=\"%22sppb-col-xs-12\" sppb-col-sm-6 timeline-item%22>\n<div class=\"%22timeline-panel%22\">\n<div class=\"%22sppb-col-xs-12\" sppb-col-sm-6 timeline-item%22>\n<div class=\"%22timeline-panel\" left-part%22>\n<div class=\"%22sppb-col-xs-12\" sppb-col-sm-6 timeline-item%22>\n<div class=\"%22timeline-panel%22\">\n<div class=\"%22sppb-col-xs-12\" sppb-col-sm-6 timeline-item%22>\n<div class=\"%22timeline-panel\" left-part%22>\n<div class=\"%22sppb-col-xs-12\" sppb-col-sm-6 timeline-item%22>\n<div class=\"%22timeline-panel%22\">\n<div class=\"%22sppb-col-xs-12\" sppb-col-sm-6 timeline-item%22>\n<div class=\"%22timeline-panel\" left-part%22>\n<div class=\"%22sppb-col-xs-12\" sppb-col-sm-6 timeline-item%22>\n<div class=\"%22timeline-panel%22\">\n<p class=\"%22title%22\">Latin America Power vende sus activos e\u00f3licos a Colb\u00fan, una de las empresas m\u00e1s importantes de generaci\u00f3n el\u00e9ctrica de Chile.<\/p>\n<\/div>\n<\/div>\n<\/div>\n<\/div>\n<\/div>\n<\/div>\n<\/div>\n<\/div>\n<\/div>\n<\/div>\n<\/div>\n<\/div>\n<\/div>\n<\/div>\n<\/div>\n<\/div>\n<p>\u00bb timeline_use_image=\u00bboff\u00bb timeline_use_icon=\u00bboff\u00bb timeline_date=\u00bb2024&#8243; timeline_bg_color=\u00bbRGBA(255,255,255,0)\u00bb icon_bg_color=\u00bb#FFFFFF\u00bb _builder_version=\u00bb4.27.2&#8243; _module_preset=\u00bbdefault\u00bb header_text_color=\u00bb#FFFFFF\u00bb content_text_align=\u00bbleft\u00bb content_text_color=\u00bb#FFFFFF\u00bb identifier_font=\u00bb||||||||\u00bb identifier_text_color=\u00bb#FFFFFF\u00bb identifier_font_size=\u00bb22px\u00bb identifier_line_height=\u00bb0em\u00bb border_radii_timeline=\u00bbon|8px|8px|8px|8px\u00bb border_width_all_timeline=\u00bb2px\u00bb border_color_all_timeline=\u00bb#FFFFFF\u00bb global_colors_info=\u00bb{}\u00bb][\/dnxte_timeline_child][\/dnxte_timeline][\/et_pb_column][\/et_pb_row][\/et_pb_section]<\/p>","protected":false},"excerpt":{"rendered":"<p>Latin America Power En cerca de una d\u00e9cada, Latin America Power se ha posicionado como un actor relevante en el sector de energ\u00eda de Chile y Per\u00fa. Desde 2011 a la fecha, nos hemos caracterizado por desarrollar proyectos de distintas fuentes de energ\u00eda, como hidroel\u00e9ctrica y e\u00f3lica manteniendo una estrecha relaci\u00f3n con las comunidades y [&hellip;]<\/p>","protected":false},"author":13,"featured_media":899,"parent":0,"menu_order":0,"comment_status":"closed","ping_status":"closed","template":"","meta":{"_acf_changed":false,"_et_pb_use_builder":"on","_et_pb_old_content":"","_et_gb_content_width":"","footnotes":""},"acf":[],"_links":{"self":[{"href":"https:\/\/latampower.com\/en\/wp-json\/wp\/v2\/pages\/818"}],"collection":[{"href":"https:\/\/latampower.com\/en\/wp-json\/wp\/v2\/pages"}],"about":[{"href":"https:\/\/latampower.com\/en\/wp-json\/wp\/v2\/types\/page"}],"author":[{"embeddable":true,"href":"https:\/\/latampower.com\/en\/wp-json\/wp\/v2\/users\/13"}],"replies":[{"embeddable":true,"href":"https:\/\/latampower.com\/en\/wp-json\/wp\/v2\/comments?post=818"}],"version-history":[{"count":25,"href":"https:\/\/latampower.com\/en\/wp-json\/wp\/v2\/pages\/818\/revisions"}],"predecessor-version":[{"id":3375,"href":"https:\/\/latampower.com\/en\/wp-json\/wp\/v2\/pages\/818\/revisions\/3375"}],"wp:featuredmedia":[{"embeddable":true,"href":"https:\/\/latampower.com\/en\/wp-json\/wp\/v2\/media\/899"}],"wp:attachment":[{"href":"https:\/\/latampower.com\/en\/wp-json\/wp\/v2\/media?parent=818"}],"curies":[{"name":"wp","href":"https:\/\/api.w.org\/{rel}","templated":true}]}}