{"id":864,"date":"2022-03-22T23:47:24","date_gmt":"2022-03-22T23:47:24","guid":{"rendered":"https:\/\/latampower.com\/web\/?page_id=864"},"modified":"2026-01-21T02:51:03","modified_gmt":"2026-01-21T05:51:03","slug":"energias-renovables","status":"publish","type":"page","link":"https:\/\/latampower.com\/en\/energias-renovables\/","title":{"rendered":"Renewable Energies"},"content":{"rendered":"<p>[et_pb_section fb_built=\u00bb1&#8243; _builder_version=\u00bb4.16&#8243; _module_preset=\u00bbdefault\u00bb global_colors_info=\u00bb{}\u00bb][et_pb_row column_structure=\u00bb1_2,1_2&#8243; _builder_version=\u00bb4.16&#8243; _module_preset=\u00bbdefault\u00bb global_colors_info=\u00bb{}\u00bb][et_pb_column type=\u00bb1_2&#8243; _builder_version=\u00bb4.16&#8243; _module_preset=\u00bbdefault\u00bb global_colors_info=\u00bb{}\u00bb][et_pb_image src=\u00bbhttps:\/\/latampower.com\/wp-content\/uploads\/2024\/10\/MG_9968-scaled.jpg\u00bb title_text=\u00bb_MG_9968&#8243; _builder_version=\u00bb4.27.2&#8243; _module_preset=\u00bbdefault\u00bb global_colors_info=\u00bb{}\u00bb][\/et_pb_image][\/et_pb_column][et_pb_column type=\u00bb1_2&#8243; _builder_version=\u00bb4.16&#8243; _module_preset=\u00bbdefault\u00bb global_colors_info=\u00bb{}\u00bb][et_pb_text _builder_version=\u00bb4.16&#8243; _module_preset=\u00bbdefault\u00bb global_colors_info=\u00bb{}\u00bb]<\/p>\n<div id=\"sppb-addon-wrapper-1518437241196\" class=\"sppb-addon-wrapper\">\n<div id=\"sppb-addon-1518437241196\" class=\"clearfix\">\n<div class=\"sppb-addon sppb-addon-header sppb-text-left\">\n<h3 class=\"sppb-addon-title\">Renewable Energies<\/h3>\n<div id=\"sppb-addon-wrapper-1518437241197\" class=\"sppb-addon-wrapper\">\n<div id=\"sppb-addon-1518437241197\" class=\"clearfix\">\n<div class=\"sppb-addon sppb-addon-text-block sppb-text-left\">\n<div class=\"sppb-addon-content\">\n<div>Non-Conventional Renewable Energy (NCRE) projects use renewable resources to generate electricity and have minimal social and environmental impacts. Examples of NCRE projects are organic waste plants, small run-of-river hydroelectric plants, wind power plants, solar plants, biomass co-generation plants, etc.<\/div>\n<\/div>\n<\/div>\n<\/div>\n<\/div>\n<\/div>\n<\/div>\n<\/div>\n<p>[\/et_pb_text][\/et_pb_column][\/et_pb_row][\/et_pb_section][et_pb_section fb_built=\u00bb1&#8243; disabled_on=\u00bbon|on|on\u00bb _builder_version=\u00bb4.17.3&#8243; _module_preset=\u00bbdefault\u00bb background_image=\u00bbhttps:\/\/latampower.com\/wp-content\/uploads\/2022\/03\/fondo-verde02.jpg\u00bb parallax=\u00bbon\u00bb disabled=\u00bbon\u00bb global_colors_info=\u00bb{}\u00bb][et_pb_row column_structure=\u00bb1_3,1_3,1_3&#8243; _builder_version=\u00bb4.16&#8243; _module_preset=\u00bbdefault\u00bb global_colors_info=\u00bb{}\u00bb][et_pb_column type=\u00bb1_3&#8243; _builder_version=\u00bb4.16&#8243; _module_preset=\u00bbdefault\u00bb global_colors_info=\u00bb{}\u00bb][et_pb_image src=\u00bbhttps:\/\/latampower.com\/wp-content\/uploads\/2022\/03\/biomasa.png\u00bb title_text=\u00bbbiomasa\u00bb align=\u00bbcenter\u00bb _builder_version=\u00bb4.17.3&#8243; _module_preset=\u00bbdefault\u00bb global_colors_info=\u00bb{}\u00bb][\/et_pb_image][et_pb_text _builder_version=\u00bb4.16&#8243; _module_preset=\u00bbdefault\u00bb text_text_color=\u00bb#FFFFFF\u00bb header_3_text_align=\u00bbcenter\u00bb header_3_text_color=\u00bb#FFFFFF\u00bb text_orientation=\u00bbjustified\u00bb global_colors_info=\u00bb{}\u00bb]<\/p>\n<h3 class=\"sppb-addon-title sppb-feature-box-title\">BIOMASS<\/h3>\n<div class=\"sppb-addon-text\">\n<div>Electricity generated from organic and biodegradable matter. It can be directly used as fuel or converted into other liquid, solid or gaseous biofuels.<\/div>\n<\/div>\n<p>[\/et_pb_text][\/et_pb_column][et_pb_column type=\u00bb1_3&#8243; _builder_version=\u00bb4.16&#8243; _module_preset=\u00bbdefault\u00bb global_colors_info=\u00bb{}\u00bb][et_pb_image src=\u00bbhttps:\/\/latampower.com\/wp-content\/uploads\/2022\/03\/hidraulica1.png\u00bb title_text=\u00bbhidraulica1&#8243; align=\u00bbcenter\u00bb _builder_version=\u00bb4.17.3&#8243; _module_preset=\u00bbdefault\u00bb global_colors_info=\u00bb{}\u00bb][\/et_pb_image][et_pb_text _builder_version=\u00bb4.16&#8243; _module_preset=\u00bbdefault\u00bb text_text_color=\u00bb#FFFFFF\u00bb header_3_text_align=\u00bbcenter\u00bb header_3_text_color=\u00bb#FFFFFF\u00bb text_orientation=\u00bbjustified\u00bb global_colors_info=\u00bb{}\u00bb]<\/p>\n<h3 class=\"sppb-addon-title sppb-feature-box-title\">HYDRO-ELECTRIC<\/h3>\n<div class=\"sppb-addon-text\">\n<div>\n<div class=\"sppb-addon-text\">\n<div>The kinetic energy of flowing water is converted into electricity using a turbine and an electrical generator. They can be developed on a small scale from natural water causes or irrigation projects up to a maximum of 20,000 kW. Their environmental impact is very low, so they are classified as NCRE.<\/div>\n<\/div>\n<\/div>\n<\/div>\n<p>[\/et_pb_text][\/et_pb_column][et_pb_column type=\u00bb1_3&#8243; _builder_version=\u00bb4.16&#8243; _module_preset=\u00bbdefault\u00bb global_colors_info=\u00bb{}\u00bb][et_pb_image src=\u00bbhttps:\/\/latampower.com\/wp-content\/uploads\/2022\/03\/eolica1.png\u00bb title_text=\u00bbeolica1&#8243; align=\u00bbcenter\u00bb _builder_version=\u00bb4.17.3&#8243; _module_preset=\u00bbdefault\u00bb global_colors_info=\u00bb{}\u00bb][\/et_pb_image][et_pb_text _builder_version=\u00bb4.16&#8243; _module_preset=\u00bbdefault\u00bb text_text_color=\u00bb#FFFFFF\u00bb header_3_text_align=\u00bbcenter\u00bb header_3_text_color=\u00bb#FFFFFF\u00bb text_orientation=\u00bbjustified\u00bb global_colors_info=\u00bb{}\u00bb]<\/p>\n<h3 class=\"sppb-addon-title sppb-feature-box-title\">WIND<\/h3>\n<div class=\"sppb-addon-text\">\n<div>\n<div class=\"sppb-addon-text\">\n<div>Electricity generated from the force of the wind. Wind turbines transform the kinetic energy of the wind into electricity.<\/div>\n<\/div>\n<\/div>\n<\/div>\n<p>[\/et_pb_text][\/et_pb_column][\/et_pb_row][et_pb_row column_structure=\u00bb1_3,1_3,1_3&#8243; _builder_version=\u00bb4.16&#8243; _module_preset=\u00bbdefault\u00bb global_colors_info=\u00bb{}\u00bb][et_pb_column type=\u00bb1_3&#8243; _builder_version=\u00bb4.16&#8243; _module_preset=\u00bbdefault\u00bb global_colors_info=\u00bb{}\u00bb][et_pb_image src=\u00bbhttps:\/\/latampower.com\/wp-content\/uploads\/2022\/03\/solar.png\u00bb title_text=\u00bbsolar\u00bb align=\u00bbcenter\u00bb _builder_version=\u00bb4.17.3&#8243; _module_preset=\u00bbdefault\u00bb global_colors_info=\u00bb{}\u00bb][\/et_pb_image][et_pb_text _builder_version=\u00bb4.16&#8243; _module_preset=\u00bbdefault\u00bb text_text_color=\u00bb#FFFFFF\u00bb header_3_text_align=\u00bbcenter\u00bb header_3_text_color=\u00bb#FFFFFF\u00bb text_orientation=\u00bbjustified\u00bb global_colors_info=\u00bb{}\u00bb]<\/p>\n<h3 class=\"sppb-addon-title sppb-feature-box-title\">SOLAR<\/h3>\n<div class=\"sppb-addon-text\">\n<div class=\"sppb-addon-text\">\n<div>Electricity generated from solar radiation. They transform direct solar radiation into heat using thermal collectors, or into electricity using photo-voltaic cells.<\/div>\n<\/div>\n<\/div>\n<p>[\/et_pb_text][\/et_pb_column][et_pb_column type=\u00bb1_3&#8243; _builder_version=\u00bb4.16&#8243; _module_preset=\u00bbdefault\u00bb global_colors_info=\u00bb{}\u00bb][et_pb_image src=\u00bbhttps:\/\/latampower.com\/wp-content\/uploads\/2022\/03\/mareomotriz.png\u00bb title_text=\u00bbmareomotriz\u00bb align=\u00bbcenter\u00bb _builder_version=\u00bb4.17.3&#8243; _module_preset=\u00bbdefault\u00bb global_colors_info=\u00bb{}\u00bb][\/et_pb_image][et_pb_text _builder_version=\u00bb4.16&#8243; _module_preset=\u00bbdefault\u00bb text_text_color=\u00bb#FFFFFF\u00bb header_3_text_align=\u00bbcenter\u00bb header_3_text_color=\u00bb#FFFFFF\u00bb text_orientation=\u00bbjustified\u00bb global_colors_info=\u00bb{}\u00bb]<\/p>\n<h3 class=\"sppb-addon-title sppb-feature-box-title\">TIDAL<\/h3>\n<div class=\"sppb-addon-text\">\n<div>\n<div class=\"sppb-addon-text\">\n<div>\n<div class=\"sppb-addon-text\">\n<div>Tipo de energ\u00eda que se produce <a href=\"https:\/\/www.replicamagicwatch.com\/\"><span style=\"color: #ffffff;\">por<\/span><\/a> el movimiento de las mareas, olas y de las corrientes, as\u00ed como la obtenida del gradiente t\u00e9rmico de los mares.<\/div>\n<\/div>\n<\/div>\n<\/div>\n<\/div>\n<\/div>\n<p>[\/et_pb_text][\/et_pb_column][et_pb_column type=\u00bb1_3&#8243; _builder_version=\u00bb4.16&#8243; _module_preset=\u00bbdefault\u00bb global_colors_info=\u00bb{}\u00bb][et_pb_image src=\u00bbhttps:\/\/latampower.com\/wp-content\/uploads\/2022\/03\/geotermica.png\u00bb title_text=\u00bbgeotermica\u00bb align=\u00bbcenter\u00bb _builder_version=\u00bb4.17.3&#8243; _module_preset=\u00bbdefault\u00bb global_colors_info=\u00bb{}\u00bb][\/et_pb_image][et_pb_text _builder_version=\u00bb4.16&#8243; _module_preset=\u00bbdefault\u00bb text_text_color=\u00bb#FFFFFF\u00bb header_3_text_align=\u00bbcenter\u00bb header_3_text_color=\u00bb#FFFFFF\u00bb text_orientation=\u00bbjustified\u00bb global_colors_info=\u00bb{}\u00bb]<\/p>\n<h3 class=\"sppb-addon-title sppb-feature-box-title\">GEOTHERMAL<\/h3>\n<div class=\"sppb-addon-text\">\n<div>\n<div class=\"sppb-addon-text\">\n<div>\n<div class=\"sppb-addon-text\">\n<div>Electricity generated from the earth's natural heat.<\/div>\n<\/div>\n<\/div>\n<\/div>\n<\/div>\n<\/div>\n<p>[\/et_pb_text][\/et_pb_column][\/et_pb_row][\/et_pb_section]<\/p>","protected":false},"excerpt":{"rendered":"<p>ENERG\u00cdAS RENOVABLES Los proyectos de Energ\u00edas Renovables No Convencionales (ERNC) son aquellos que, adem\u00e1s de utilizar recursos renovables para la generaci\u00f3n, presentan m\u00ednimos impactos sociales y ambientales. Son ejemplos de proyectos de ERNC: plantas de desechos org\u00e1nicos, las peque\u00f1as centrales hidroel\u00e9ctricas de pasada, las plantas e\u00f3licas, las plantas solares, las plantas de cogeneraci\u00f3n a biomasa, [&hellip;]<\/p>","protected":false},"author":13,"featured_media":909,"parent":0,"menu_order":0,"comment_status":"closed","ping_status":"closed","template":"","meta":{"_acf_changed":false,"_et_pb_use_builder":"on","_et_pb_old_content":"","_et_gb_content_width":"","footnotes":""},"acf":[],"_links":{"self":[{"href":"https:\/\/latampower.com\/en\/wp-json\/wp\/v2\/pages\/864"}],"collection":[{"href":"https:\/\/latampower.com\/en\/wp-json\/wp\/v2\/pages"}],"about":[{"href":"https:\/\/latampower.com\/en\/wp-json\/wp\/v2\/types\/page"}],"author":[{"embeddable":true,"href":"https:\/\/latampower.com\/en\/wp-json\/wp\/v2\/users\/13"}],"replies":[{"embeddable":true,"href":"https:\/\/latampower.com\/en\/wp-json\/wp\/v2\/comments?post=864"}],"version-history":[{"count":12,"href":"https:\/\/latampower.com\/en\/wp-json\/wp\/v2\/pages\/864\/revisions"}],"predecessor-version":[{"id":3581,"href":"https:\/\/latampower.com\/en\/wp-json\/wp\/v2\/pages\/864\/revisions\/3581"}],"wp:featuredmedia":[{"embeddable":true,"href":"https:\/\/latampower.com\/en\/wp-json\/wp\/v2\/media\/909"}],"wp:attachment":[{"href":"https:\/\/latampower.com\/en\/wp-json\/wp\/v2\/media?parent=864"}],"curies":[{"name":"wp","href":"https:\/\/api.w.org\/{rel}","templated":true}]}}